{"id":51,"date":"2018-10-10T12:27:47","date_gmt":"2018-10-10T12:27:47","guid":{"rendered":"https:\/\/projects.history.qmul.ac.uk\/ruralsocietyislam\/?page_id=51"},"modified":"2019-05-03T10:55:19","modified_gmt":"2019-05-03T10:55:19","slug":"sugarcane","status":"publish","type":"page","link":"https:\/\/projects.history.qmul.ac.uk\/ruralsocietyislam\/database\/sugarcane\/","title":{"rendered":"4. Sugarcane"},"content":{"rendered":"<p>Sugar-cane was mostly grown on crown estates, called <em>\u016bs\u012bya<\/em> (pl. <em>aw\u0101s\u012b<\/em>). The crown estates were separate from the main lands of the village and were owned by the D\u012bw\u0101n al-M\u0101l, so were not subject to tax. Instead of taxes, al-N\u0101bulus\u012b records the numbers of feddans of crown estates in the village and their use.<\/p>\n<p>The sugarcane plantations fed thirteen sugarcane presses, each with one or more pressing-stone, turned by oxen or by water. Each pressing stone was allocated 35\u201390 feddans of sugarcane. When a sugarcane press was located in the village, al-N\u0101bulus\u012b also lists the feddans of sugarcane and fodder assigned for its supply, which may be located not only in the village itself but also in several nearby villages.<\/p>\n<p>Al-N\u0101bulus\u012b states that the crown estates consisted of 1,654 feddans, of which the vast majority (1,468) were devoted to sugarcane, and the remainder mostly sown with fodder for livestock used for turning the sugar presses. A\u00a0couple of crown estates were used for crops other than sugar \u2014 flowers, fruits, and vegetables in the city, barley and sesame in \u1e6cal\u012bt in southern Fayyum.<\/p>\n<p>The sugarcane plantations were divided into first and second harvests, with the area of the first harvest always several times larger than the area of the second harvest. A\u00a0first crop (<em>ra\u02bes<\/em>), was planted in March and harvested on January of the following year. After the first harvest, the field was set on fire; the ratoons that emerged after the fire were irrigated until a second harvest (<em>khilfa<\/em>) took place in November\u2013December. Following this two-year cycle, the land had to be left fallow.<a href=\"#_ftn1\" name=\"_ftnref1\">[1]<\/a><\/p>\n<p>Labour for the sugarcane plantations came from villagers, employed either as tenants (<em>muz\u0101ri\u02bf\u016bn<\/em>) or as quarter-share wage-labourers (<em>mur\u0101bi\u02bf\u016bn<\/em>).<a href=\"#_ftn2\" name=\"_ftnref2\">[2]<\/a> In Islamic law, a <em>mur\u0101ba\u02bfa<\/em> contract stipulated that a manual labourer only contributed his labour, while seeds and beasts of burden were provided by the land-owner. In return, the mur\u0101bi\u02bf was to receive a quarter of the yield. In practice <em>mur\u0101ba\u02bfa<\/em> meant wage-labour. But because it was technically a share-cropping contract, the remuneration the <em>mur\u0101bi\u02bf\u016bn<\/em> received was classified under the category of seed advances (<em>taq\u0101w\u012b<\/em>).<a href=\"#_ftn3\" name=\"_ftnref3\">[3]<\/a><\/p>\n<p>A handful of villages have references to taxes on canes, which may be either sugar-cane or a variety of reeds with no juice, known as Persian cane (<em>qa\u1e63ab f\u0101ris\u012b<\/em>).<a href=\"#_ftn4\" name=\"_ftnref4\">[4]<\/a><\/p>\n<p><a href=\"https:\/\/projects.history.qmul.ac.uk\/ruralsocietyislam\/wp-content\/uploads\/sites\/29\/2018\/10\/IV_Sugarcane.csv\">Data: Sugarcane<\/a><\/p>\n<div id=\"attachment_165\" style=\"width: 1034px\" class=\"wp-caption aligncenter\"><img loading=\"lazy\" decoding=\"async\" aria-describedby=\"caption-attachment-165\" class=\"wp-image-165 size-large\" src=\"https:\/\/projects.history.qmul.ac.uk\/ruralsocietyislam\/wp-content\/uploads\/sites\/29\/2018\/10\/FayyumMap7-1024x656.png\" alt=\"\" width=\"1024\" height=\"656\" srcset=\"https:\/\/projects.history.qmul.ac.uk\/ruralsocietyislam\/wp-content\/uploads\/sites\/29\/2018\/10\/FayyumMap7-1024x656.png 1024w, https:\/\/projects.history.qmul.ac.uk\/ruralsocietyislam\/wp-content\/uploads\/sites\/29\/2018\/10\/FayyumMap7-300x192.png 300w, https:\/\/projects.history.qmul.ac.uk\/ruralsocietyislam\/wp-content\/uploads\/sites\/29\/2018\/10\/FayyumMap7-768x492.png 768w, https:\/\/projects.history.qmul.ac.uk\/ruralsocietyislam\/wp-content\/uploads\/sites\/29\/2018\/10\/FayyumMap7.png 1280w\" sizes=\"auto, (max-width: 1024px) 100vw, 1024px\" \/><p id=\"caption-attachment-165\" class=\"wp-caption-text\">Map: Network of sugar-cane presses and plantations<\/p><\/div>\n<hr \/>\n<p><a href=\"#_ftnref1\" name=\"_ftn1\">[1]<\/a> Tsugikata Sato, <em>Sugar in the Social Life of Medieval Islam<\/em> (Leiden: Brill, 2014), pp.\u00a034\u201348; Sato, \u2018Sugar in the Economic Life of Mamluk Egypt\u2019,\u00a0<em>Maml\u016bk Studies Review<\/em>,\u00a08. 2\u00a0(2004), 87\u2013107 (p.\u00a096).\u200f<\/p>\n<p><a href=\"#_ftnref2\" name=\"_ftn2\">[2]<\/a> On the <em>mur\u0101bi\u02bf\u016bn<\/em> in later periods, see Kenneth\u00a0M. Cuno, <em>The Pasha\u2019s Peasants: Land, Society and Economy in Lower Egypt, 1740\u20131858<\/em> (Cambridge: Cambridge University Press, 1992), p.\u00a0181.<\/p>\n<p><a href=\"#_ftnref3\" name=\"_ftn3\">[3]<\/a> This created an artificial parallel with the seed advances handed over to tenant-cultivators of grains, even though the wage-labourers used the cash and grains for sustenance. This point has already been made by Sato, <em>State and Rural Society<\/em>, p.\u00a0219.<\/p>\n<p><a href=\"#_ftnref4\" name=\"_ftn4\">[4]<\/a> While originally another name for sugarcane, Ibn al-Naf\u012bs refers to <em>qa\u1e63ab f\u0101ris\u012b<\/em> as a reed with no juice. Ibn Mamm\u0101t\u012b also mentions a rate of 3 dinars per feddan for the cultivation of Persian canes, separate from sugar-cane; Sato, <em>Sugar<\/em>, pp.\u00a030, 98\u201399.<br \/>\n<script type=\"text\/javascript\" src=\"https:\/\/projects.history.qmul.ac.uk\/static\/js\/auto-data-tables.js\" defer><\/script><\/p>\n","protected":false},"excerpt":{"rendered":"<p>Sugar-cane was mostly grown on crown estates, called \u016bs\u012bya (pl. aw\u0101s\u012b). The crown estates were separate from the main lands of the village and were owned by the D\u012bw\u0101n al-M\u0101l, so were not subject to tax. Instead of taxes, al-N\u0101bulus\u012b records the numbers of feddans of crown estates in the village and their use. The [&#8230;] <a class=\"read-more\" href=\"https:\/\/projects.history.qmul.ac.uk\/ruralsocietyislam\/database\/sugarcane\/\">Read More<\/a><\/p>\n","protected":false},"author":60,"featured_media":0,"parent":14,"menu_order":0,"comment_status":"closed","ping_status":"closed","template":"","meta":{"_acf_changed":false,"footnotes":""},"class_list":["post-51","page","type-page","status-publish","hentry"],"acf":[],"_links":{"self":[{"href":"https:\/\/projects.history.qmul.ac.uk\/ruralsocietyislam\/wp-json\/wp\/v2\/pages\/51","targetHints":{"allow":["GET"]}}],"collection":[{"href":"https:\/\/projects.history.qmul.ac.uk\/ruralsocietyislam\/wp-json\/wp\/v2\/pages"}],"about":[{"href":"https:\/\/projects.history.qmul.ac.uk\/ruralsocietyislam\/wp-json\/wp\/v2\/types\/page"}],"author":[{"embeddable":true,"href":"https:\/\/projects.history.qmul.ac.uk\/ruralsocietyislam\/wp-json\/wp\/v2\/users\/60"}],"replies":[{"embeddable":true,"href":"https:\/\/projects.history.qmul.ac.uk\/ruralsocietyislam\/wp-json\/wp\/v2\/comments?post=51"}],"version-history":[{"count":10,"href":"https:\/\/projects.history.qmul.ac.uk\/ruralsocietyislam\/wp-json\/wp\/v2\/pages\/51\/revisions"}],"predecessor-version":[{"id":254,"href":"https:\/\/projects.history.qmul.ac.uk\/ruralsocietyislam\/wp-json\/wp\/v2\/pages\/51\/revisions\/254"}],"up":[{"embeddable":true,"href":"https:\/\/projects.history.qmul.ac.uk\/ruralsocietyislam\/wp-json\/wp\/v2\/pages\/14"}],"wp:attachment":[{"href":"https:\/\/projects.history.qmul.ac.uk\/ruralsocietyislam\/wp-json\/wp\/v2\/media?parent=51"}],"curies":[{"name":"wp","href":"https:\/\/api.w.org\/{rel}","templated":true}]}}