{"id":2,"date":"2018-10-05T12:16:28","date_gmt":"2018-10-05T12:16:28","guid":{"rendered":"https:\/\/projects.history.qmul.ac.uk\/ruralsocietyislam\/?page_id=2"},"modified":"2019-05-03T08:32:17","modified_gmt":"2019-05-03T08:32:17","slug":"sample-page","status":"publish","type":"page","link":"https:\/\/projects.history.qmul.ac.uk\/ruralsocietyislam\/","title":{"rendered":"Home"},"content":{"rendered":"<p>In the spring of 1245, Ab\u016b \u02bfAmr \u02bfUthman Ibn al-N\u0101bulus\u012b, formerly a high-ranking official in the Ayyubid administration of Egypt, was called out of forced retirement to report on the agricultural conditions in the province of the Fayyum, a roughly triangular depression in Middle Egypt irrigated by a branch of the Nile.<\/p>\n<p>Al-N\u0101bulus\u012b surveyed the Fayyum by going from village to village, relying on local tax and irrigation officials and paying careful attention to minute details of agricultural production. He combined the fiscal audit with sections on the irrigation system and the history of the province, and produced a treatise with the rhyming title <em>I\u1e93h\u0101r \u1e62an\u02bfat al-\u1e24ayy al-Qayy\u016bm f\u012b Tart\u012bb Bil\u0101d al-Fayy\u016bm<\/em> (Demonstrating the Everlasting Eternal\u2019s Design in Ordering the Villages of the Fayyum).<\/p>\n<p>The result is the most detailed cadastral survey to have survived for any region of the medieval Islamic world, before the Ottoman records of the sixteenth century. Since the archives of medieval Muslim states have been lost, this is as close as we get to the tax registers of any rural province, a \u2018Domesday Book\u2019 of the medieval Egyptian countryside. It a first-hand account of the actual conditions in a concrete locality, and his wealth of detail for each of its one hundred villages surpasses, by far, any other source for the rural economy of medieval Islam.<\/p>\n<p>The website is an outcome of an AHRC-funded project, &#8216;Rural Society in Medieval Islam&#8217;, focused on al-N\u0101bulus\u012b&#8217;s tax register. The project aims to make a major contribution to the knowledge and understanding of pre-modern rural societies in the Islamic world. Through an edition, translation and study of the <em>Villages of the Fayyum<\/em>, it addresses fundamental questions for the history of the medieval Middle East, such as the Islamization of rural communities, their tribal and sedentary identity, and their relations with land holders and with state officials. The project team consisted of <a href=\"https:\/\/www.qmul.ac.uk\/history\/our-staff\/academic-staff\/profiles\/rapoportyossef.html\" target=\"_blank\" rel=\"noopener noreferrer\">Yossef Rapoport<\/a> (Principal Investigator) and <a href=\"http:\/\/lecturers.haifa.ac.il\/en\/hcc\/ishahar1\/Pages\/default.aspx#\" target=\"_blank\" rel=\"noopener noreferrer\">Ido Shahar<\/a>.<\/p>\n<p>This website brings together the fiscal, demographic and geographic information contained in the<em> Village of the Fayyum<\/em>. It offers a database consisting of 19 Excel spreadsheets recording the amounts of the different categories of taxes by due by each village. Each spreadsheet is also forwarded by an explanation of the fiscal terminology.\u00a0 The database is also accompanied by eight GIS maps that show the spatial distribution of select fiscal and social categories.\u00a0 The website also includes a sample of village entries from\u00a0\u00a0al-N\u0101bulus\u012b&#8217;s work.<\/p>\n<p>The website accompanies two other major outcomes of the project. One is an annotated edition and translation, published as Yossef Rapoport and Ido Shahar (eds.), <a href=\"http:\/\/www.brepols.net\/Pages\/ShowProduct.aspx?prod_id=IS-9782503542775-1\"><em>The Villages of the Fayyum: A Thirteenth-Century Register of Rural, Islamic Egypt<\/em><\/a> (Brepols,\u00a0 2018). The other is a monograph: Yossef Rapoport, <a href=\"http:\/\/www.brepols.net\/Pages\/ShowProduct.aspx?prod_id=IS-9782503575186-1\"><em>Rural Economy and Tribal Society in Islamic Egypt<\/em><\/a> (Brepols, 2018). <em>Rural Economy and Tribal Society <\/em>is a detailed micro-study of the Fayyum as described by al-N\u0101bulus\u012b, utilising quantitative methods and spatial GIS analysis to provide a thick account of crops, trade and taxation, the tribal organization of the village communities, their religious institutions, and their rights and duties in relation to military landholders. Both volumes have been published as part of Brepols&#8217; <a href=\"http:\/\/www.brepols.net\/Pages\/BrowseBySeries.aspx?TreeSeries=TMC\" target=\"_blank\" rel=\"noopener noreferrer\">The Medieval Countryside<\/a> series.<\/p>\n<p>The GIS maps that appear in this website have been carefully prepared by Max Satchell, who has invested inordinate amount of effort to familiarize himself with the Fayyumi landscape.\u00a0 His work was supported by a Scouloudi publication grant from the Institute of Historical Research, an equivalent grant from the Isobel Thornley fund at the University of London, and the School of History, Queen Mary University of London.<\/p>\n","protected":false},"excerpt":{"rendered":"<p>In the spring of 1245, Ab\u016b \u02bfAmr \u02bfUthman Ibn al-N\u0101bulus\u012b, formerly a high-ranking official in the Ayyubid administration of Egypt, was called out of forced retirement to report on the agricultural conditions in the province of the Fayyum, a roughly triangular depression in Middle Egypt irrigated by a branch of the Nile. Al-N\u0101bulus\u012b surveyed the [&#8230;] <a class=\"read-more\" href=\"https:\/\/projects.history.qmul.ac.uk\/ruralsocietyislam\/\">Read More<\/a><\/p>\n","protected":false},"author":1,"featured_media":0,"parent":0,"menu_order":1,"comment_status":"closed","ping_status":"open","template":"","meta":{"_acf_changed":false,"footnotes":""},"class_list":["post-2","page","type-page","status-publish","hentry"],"acf":[],"_links":{"self":[{"href":"https:\/\/projects.history.qmul.ac.uk\/ruralsocietyislam\/wp-json\/wp\/v2\/pages\/2","targetHints":{"allow":["GET"]}}],"collection":[{"href":"https:\/\/projects.history.qmul.ac.uk\/ruralsocietyislam\/wp-json\/wp\/v2\/pages"}],"about":[{"href":"https:\/\/projects.history.qmul.ac.uk\/ruralsocietyislam\/wp-json\/wp\/v2\/types\/page"}],"author":[{"embeddable":true,"href":"https:\/\/projects.history.qmul.ac.uk\/ruralsocietyislam\/wp-json\/wp\/v2\/users\/1"}],"replies":[{"embeddable":true,"href":"https:\/\/projects.history.qmul.ac.uk\/ruralsocietyislam\/wp-json\/wp\/v2\/comments?post=2"}],"version-history":[{"count":19,"href":"https:\/\/projects.history.qmul.ac.uk\/ruralsocietyislam\/wp-json\/wp\/v2\/pages\/2\/revisions"}],"predecessor-version":[{"id":232,"href":"https:\/\/projects.history.qmul.ac.uk\/ruralsocietyislam\/wp-json\/wp\/v2\/pages\/2\/revisions\/232"}],"wp:attachment":[{"href":"https:\/\/projects.history.qmul.ac.uk\/ruralsocietyislam\/wp-json\/wp\/v2\/media?parent=2"}],"curies":[{"name":"wp","href":"https:\/\/api.w.org\/{rel}","templated":true}]}}