{"id":14,"date":"2018-10-09T09:35:12","date_gmt":"2018-10-09T09:35:12","guid":{"rendered":"https:\/\/projects.history.qmul.ac.uk\/ruralsocietyislam\/?page_id=14"},"modified":"2019-05-03T08:32:17","modified_gmt":"2019-05-03T08:32:17","slug":"database","status":"publish","type":"page","link":"https:\/\/projects.history.qmul.ac.uk\/ruralsocietyislam\/database\/","title":{"rendered":"Database"},"content":{"rendered":"<p>This databse aims to present the quantitative, fiscal, and social data in the <em>Villages of the Fayyum<\/em> in a digital format.<\/p>\n<p>Given the nature of the source, the digital presentation of the data in Excel Spreadsheets is preceded by explanation of the most common categories of taxes, fees, and loans that are listed in the village entries.<\/p>\n<p>We discuss and present the fiscal categories\u00a0 in the order in which they are listed by al-N\u0101bulus\u012b in his village entries. Each village entry starts with an overview of the village, including its status as either iq\u1e6d\u0101\u02bf, endowment or part of the royal domain, its fiscal value, tribal affiliation, and water rights. The list of taxes normally begins with the fiscal revenue (<em>irtif\u0101\u02bf<\/em>), which consisted of the land tax and taxes on trade. These major categories are followed by a list of fees, including a separate category of pasture fees. In most village entries, the fees are followed by the alms-tax, poll-tax, and payments to the Ministry of Religious Endowments.<\/p>\n<p>The explication of the taxation system builds on, complements, and corrects earlier studies by Cahen, Cooper, Rabie, and Sato.<a href=\"#_ftn1\" name=\"_ftnref1\">[1]<\/a> Many of the taxes are explained by Ibn Mamm\u0101t\u012b in his administrative manual, and further information is supplied by the Mamluk-era manuals of al-Nuwayr\u012b (d.\u00a01333) and al-Qalqashand\u012b (d.\u00a01418). In other cases, the meaning of the terminology has to be inferred from a close reading of al-N\u0101bulus\u012b\u2019s text and through reflection on the realities of medieval rural economy.<\/p>\n<p>For the weights and measurements used in the treatise, see Glossary of Measures, Weights, and Monetary Units.<\/p>\n<p><a href=\"#_ftn2\" name=\"_ftnref2\"><\/a><\/p>\n<p><a href=\"#_ftnref1\" name=\"_ftn1\">[1]<\/a> Cahen, \u2018Le r\u00e9gime des imp\u00f4ts\u2019; Rabie, <em>The Financial System<\/em>; Cooper, \u2018Ibn Mammati\u2019s Rules\u2019; Sato, <em>State and Rural Society<\/em>.<\/p>\n<p>&nbsp;<\/p>\n","protected":false},"excerpt":{"rendered":"<p>This databse aims to present the quantitative, fiscal, and social data in the Villages of the Fayyum in a digital format. Given the nature of the source, the digital presentation of the data in Excel Spreadsheets is preceded by explanation of the most common categories of taxes, fees, and loans that are listed in the [&#8230;] <a class=\"read-more\" href=\"https:\/\/projects.history.qmul.ac.uk\/ruralsocietyislam\/database\/\">Read More<\/a><\/p>\n","protected":false},"author":60,"featured_media":0,"parent":0,"menu_order":2,"comment_status":"closed","ping_status":"closed","template":"","meta":{"_acf_changed":false,"footnotes":""},"class_list":["post-14","page","type-page","status-publish","hentry"],"acf":[],"_links":{"self":[{"href":"https:\/\/projects.history.qmul.ac.uk\/ruralsocietyislam\/wp-json\/wp\/v2\/pages\/14","targetHints":{"allow":["GET"]}}],"collection":[{"href":"https:\/\/projects.history.qmul.ac.uk\/ruralsocietyislam\/wp-json\/wp\/v2\/pages"}],"about":[{"href":"https:\/\/projects.history.qmul.ac.uk\/ruralsocietyislam\/wp-json\/wp\/v2\/types\/page"}],"author":[{"embeddable":true,"href":"https:\/\/projects.history.qmul.ac.uk\/ruralsocietyislam\/wp-json\/wp\/v2\/users\/60"}],"replies":[{"embeddable":true,"href":"https:\/\/projects.history.qmul.ac.uk\/ruralsocietyislam\/wp-json\/wp\/v2\/comments?post=14"}],"version-history":[{"count":5,"href":"https:\/\/projects.history.qmul.ac.uk\/ruralsocietyislam\/wp-json\/wp\/v2\/pages\/14\/revisions"}],"predecessor-version":[{"id":218,"href":"https:\/\/projects.history.qmul.ac.uk\/ruralsocietyislam\/wp-json\/wp\/v2\/pages\/14\/revisions\/218"}],"wp:attachment":[{"href":"https:\/\/projects.history.qmul.ac.uk\/ruralsocietyislam\/wp-json\/wp\/v2\/media?parent=14"}],"curies":[{"name":"wp","href":"https:\/\/api.w.org\/{rel}","templated":true}]}}