{"id":111,"date":"2015-05-17T21:38:50","date_gmt":"2015-05-17T21:38:50","guid":{"rendered":"https:\/\/projects.history.qmul.ac.uk\/hpt\/?page_id=111"},"modified":"2023-01-25T14:52:11","modified_gmt":"2023-01-25T14:52:11","slug":"past-and-present-visiting-fellows","status":"publish","type":"page","link":"https:\/\/projects.history.qmul.ac.uk\/hpt\/visiting-fellows\/past-and-present-visiting-fellows\/","title":{"rendered":"Past and present visiting fellows"},"content":{"rendered":"<h2>Current\u00a0Visiting Fellows<\/h2>\n<p><a href=\"https:\/\/projects.history.qmul.ac.uk\/hpt\/people\/#david_armitage\">Prof. David Armitage, Honorary Senior Visiting Fellow (Harvard), 2022-23<\/a><\/p>\n<p>&nbsp;<\/p>\n<h2>Past Visiting Fellows<\/h2>\n<p>Paul Schacher, Junior Visiting Fellow (Leipzig University, Germany), 2021.<\/p>\n<p>Mumin Koktas, \u00a0Junior Visiting Fellow (Yildirim Beyazit University), 2017-18.<\/p>\n<p>Gokcen Yavas, \u00a0Junior Visiting Fellow (Kocaeli University), 2017-18.<\/p>\n<p>Fernanda Gallo, \u00a0Junior Visiting Fellow (Universit\u00e0 della Svizzera Italiana), 2017.<\/p>\n<p>Zhang Zhi, Junior Visting Fellow (Fu Dan University), 2017.<\/p>\n<p>Baowei Zhou, Junior Visiting Fellow (East China Normal University), 2017.<\/p>\n<p>Giuseppe Grieco, Junior Visiting Fellow (Universit\u00e0 di Pisa), 2016-17.<\/p>\n<p>Vanessa Pacheco, Junior Visiting Fellow (Pontificia Universidad Cat\u00f3lica de Chile), 2016-17.<\/p>\n<p>Taru Haapala, \u00a0Junior Visiting Fellow (European University Institute), 2016.<\/p>\n<p>Tom\u00e1\u0161 Halamka, \u00a0Junior Visiting Fellow (Charles University), 2016.<\/p>\n<p>Tao Song, \u00a0Junior Visiting Fellow (Nanjing Xiaozhuang Uniiversity), 2016.<\/p>\n<p>Yuwei Luo, Junior Visiting Fellow (Nanjing University), 2015-16.<\/p>\n<p>Lin Liu, Junior Visting Fellow (Nanjing University), 2015-16.<\/p>\n<p>Takuya Okada, Junior Visiting Fellow (University of Tokyo), 2015-16.<\/p>\n<p>Rosm\u00e1lia Ferreira dos Santos, Junior Visiting Fellow (Brazilian National Council for Scientific and Technological Development), 2015-16.<\/p>\n<p>Anurag Sinha, Honorary Visiting Fellow, 2015-16.<\/p>\n<p>Deborah Baumgold, Honorary Visiting Fellow (University of Oregon), 2015.<\/p>\n<p>Lorenzo M. Cello, Junior Visiting Fellow (University of Queensland), 2015.<\/p>\n<p>Margaux Portron, Junior Visting Fellow (Universit\u00e9 Paris 8), 2015.<\/p>\n<p>St\u00e9phanie Lagu\u00e9rodie, Junior Visiting Fellow (University Paris I &#8211; Panth\u00e9on-Sorbonne), 2015.<\/p>\n<p>Astrid S\u00e9ville, Junior Visiting Fellow (Ludwig-Maximilians-Universit\u00e4t M\u00fcnchen), 2015.<\/p>\n<p>Antonio Masala, Visiting Fellow (IMT School for Advanced Studies Lucca), 2014\u201315.<\/p>\n<p>J\u00e9r\u00e9mie Barthas, Marie Curie Fellow, 2013\u201315.<\/p>\n<p>Timo Pankakoski, Junior Visiting Fellow\u00a0(University of Jyv\u00e4skyl\u00e4), 2014.<\/p>\n<p>Richard Warren, Junior Visiting Fellow (University of Durham), 2013-14.<\/p>\n<p>Camille Dejardin, Junior Visiting Fellow (Universit\u00e9 Paris II &#8211; Panth\u00e9on Assas), 2013-14.<\/p>\n<p>Evgeny Roschin, Visiting Fellow (University of Jyv\u00e4skyl\u00e4), 2013.<\/p>\n<p>Ricardo Cueva Fernandez, Junior Visiting Fellow (Universidad Carlos III), 2013.<\/p>\n<p>Samuel Hayat, Junior Visiting Fellow (Universit\u00e9 de Paris, VIII), 2013.<\/p>\n<p>Catalina Ruiz, Junior Visiting Fellow (University of Barcelona), 2013.<\/p>\n<p>Douglas Moggach, Distinguished Visiting Fellow (University of Ottawa), 2013.<\/p>\n<p>Terence Ball, Honorary Visiting Fellow (University of Arizona), 2013.<\/p>\n<p>Charles Walton, Distinguished Visiting Fellow (Yale University), 2012.<\/p>\n<p>Johan Olsthoorn, Junior Visiting Fellow (University of Leuven), 2012.<\/p>\n<p>Maurizio Viroli, Honorary Visiting Fellow (Princeton University), 2009.<\/p>\n<p>Mark Lilla, Honorary Visiting Fellow (Columbia University), 2008.<\/p>\n<p>Eckhart Hellmuth, Distinguished Visiting Fellow (University of Munich), 2007.<\/p>\n<p>Joe Lee, Distinguished Visiting Fellow (New York University), 2007.<\/p>\n","protected":false},"excerpt":{"rendered":"<p>Current\u00a0Visiting Fellows Prof. David Armitage, Honorary Senior Visiting Fellow (Harvard), 2022-23 &nbsp; Past Visiting Fellows Paul Schacher, Junior Visiting Fellow (Leipzig University, Germany), 2021. Mumin Koktas, \u00a0Junior Visiting Fellow (Yildirim Beyazit University), 2017-18. Gokcen Yavas, \u00a0Junior Visiting Fellow (Kocaeli University), 2017-18. Fernanda Gallo, \u00a0Junior Visiting Fellow (Universit\u00e0 della Svizzera Italiana), 2017. Zhang Zhi, Junior Visting [&#8230;] <a class=\"read-more\" href=\"https:\/\/projects.history.qmul.ac.uk\/hpt\/visiting-fellows\/past-and-present-visiting-fellows\/\">Read More<\/a><\/p>\n","protected":false},"author":9,"featured_media":0,"parent":92,"menu_order":0,"comment_status":"closed","ping_status":"closed","template":"","meta":{"_acf_changed":false,"footnotes":""},"class_list":["post-111","page","type-page","status-publish","hentry"],"acf":[],"_links":{"self":[{"href":"https:\/\/projects.history.qmul.ac.uk\/hpt\/wp-json\/wp\/v2\/pages\/111","targetHints":{"allow":["GET"]}}],"collection":[{"href":"https:\/\/projects.history.qmul.ac.uk\/hpt\/wp-json\/wp\/v2\/pages"}],"about":[{"href":"https:\/\/projects.history.qmul.ac.uk\/hpt\/wp-json\/wp\/v2\/types\/page"}],"author":[{"embeddable":true,"href":"https:\/\/projects.history.qmul.ac.uk\/hpt\/wp-json\/wp\/v2\/users\/9"}],"replies":[{"embeddable":true,"href":"https:\/\/projects.history.qmul.ac.uk\/hpt\/wp-json\/wp\/v2\/comments?post=111"}],"version-history":[{"count":17,"href":"https:\/\/projects.history.qmul.ac.uk\/hpt\/wp-json\/wp\/v2\/pages\/111\/revisions"}],"predecessor-version":[{"id":1471,"href":"https:\/\/projects.history.qmul.ac.uk\/hpt\/wp-json\/wp\/v2\/pages\/111\/revisions\/1471"}],"up":[{"embeddable":true,"href":"https:\/\/projects.history.qmul.ac.uk\/hpt\/wp-json\/wp\/v2\/pages\/92"}],"wp:attachment":[{"href":"https:\/\/projects.history.qmul.ac.uk\/hpt\/wp-json\/wp\/v2\/media?parent=111"}],"curies":[{"name":"wp","href":"https:\/\/api.w.org\/{rel}","templated":true}]}}